{"id":94,"date":"2019-12-18T13:07:19","date_gmt":"2019-12-18T12:07:19","guid":{"rendered":"https:\/\/laientheaterweidling.net\/?page_id=94"},"modified":"2020-05-19T11:05:03","modified_gmt":"2020-05-19T10:05:03","slug":"datenschutz","status":"publish","type":"page","link":"https:\/\/laientheaterweidling.net\/index.php\/datenschutz\/","title":{"rendered":"Datenschutz"},"content":{"rendered":"<div class=\"fusion-fullwidth fullwidth-box fusion-builder-row-1 nonhundred-percent-fullwidth non-hundred-percent-height-scrolling\" style=\"background-color: rgba(255,255,255,0);background-position: center center;background-repeat: no-repeat;padding-top:0px;padding-right:0px;padding-bottom:0px;padding-left:0px;margin-bottom: 0px;margin-top: 0px;border-width: 0px 0px 0px 0px;border-color:#eae9e9;border-style:solid;\" ><div class=\"fusion-builder-row fusion-row\"><div class=\"fusion-layout-column fusion_builder_column fusion-builder-column-0 fusion_builder_column_1_1 1_1 fusion-one-full fusion-column-first fusion-column-last\" style=\"margin-top:0px;margin-bottom:20px;\"><div class=\"fusion-column-wrapper fusion-flex-column-wrapper-legacy\" style=\"background-position:left top;background-repeat:no-repeat;-webkit-background-size:cover;-moz-background-size:cover;-o-background-size:cover;background-size:cover;padding: 0px 0px 0px 0px;\"><div class=\"fusion-text fusion-text-1\"><h2 data-fontsize=\"30\" data-lineheight=\"40\"><strong>Haftung<\/strong><\/h2>\n<p>S\u00e4mtliche Inhalte, Dokumente oder andere Angaben auf dieser Website dienen Ihrer Information, insbesondere \u00fcber unser Unternehmen und unsere Dienstleistungen. Sie sind weder als Angebot im rechtlichen Sinn noch als Beratungsleistung zu verstehen.<br \/>\nObwohl wir uns um gr\u00f6\u00dftm\u00f6gliche Sorgfalt bei der Informationsdarstellung bem\u00fchen, \u00fcbernimmt der Autor keine Haftung f\u00fcr allf\u00e4llige Nachteile, die durch die Ben\u00fctzung der auf dieser Website ersichtlichen Information entstehen k\u00f6nnen.<\/p>\n<h3 data-fontsize=\"24\" data-lineheight=\"48\"><strong>Haftungsausschluss<\/strong><\/h3>\n<p>Der Autor \u00fcbernimmt keinerlei Gew\u00e4hr hinsichtlich der inhaltlichen Aktualit\u00e4t, Richtigkeit, Genauigkeit, Zuverl\u00e4ssigkeit und Vollst\u00e4ndigkeit der Informationen. Haftungsanspr\u00fcche gegen den Autor wegen Sch\u00e4den materieller oder immaterieller Art, welche aus dem Zugriff oder der Nutzung bzw. Nichtnutzung der ver\u00f6ffentlichten Informationen, durch Missbrauch der Verbindung oder durch technische St\u00f6rungen entstanden sind, werden ausgeschlossen. Alle Angebote sind unverbindlich. Der Autor beh\u00e4lt es sich ausdr\u00fccklich vor, Teile der Seiten oder das gesamte Angebot ohne gesonderte Ank\u00fcndigung zu ver\u00e4ndern, zu erg\u00e4nzen, zu l\u00f6schen oder die Ver\u00f6ffentlichung zeitweise oder endg\u00fcltig einzustellen.<br \/>\nUrheberrechte<\/p>\n<p>Alle Rechte bleiben vorbehalten. Die Inhalte dieser Website unterliegen dem Urheberrecht und anderen Gesetzen zum Schutz geistigen Eigentums. Jede Vervielf\u00e4ltigung oder Ver\u00e4nderung der Website oder einzelner Inhalte ist ohne ausdr\u00fcckliche Zustimmung von nicht gestattet.<\/p>\n<h3 data-fontsize=\"24\" data-lineheight=\"48\"><strong>Links<\/strong><\/h3>\n<p>Wir \u00fcbernehmen keinerlei Haftung, weder f\u00fcr die Richtigkeit, noch f\u00fcr deren Inhalte oder Freiheit von aggressiven und\/oder sch\u00e4digenden Inhalten, wie Viren, Trojaner, etc. der Links auf unserer Website. Insbesondere \u00fcbernehmen wir keine Verantwortung f\u00fcr Inhalte auf durch Hyperlinks verwiesene externe Websites, hierf\u00fcr haftet ausschlie\u00dflich der jeweilige Anbieter. Links auf unsere Website sind erw\u00fcnscht, wenn sie als externe Links (eigenes Browserfenster) gestaltet sind. Eine \u00dcbernahme des Hauptfensters in einen Frame des Linksetzers ist unzul\u00e4ssig. Sollte eine Website, auf die wir verlinkt haben, rechtswidrige Inhalte enthalten, so bitten wir um Mitteilung, der Link wird umgehend entfernt.<br \/>\nDatenschutz<\/p>\n<p>Die Sendung von pers\u00f6nlichen oder anderen Daten online erfolgt auf eigene Gefahr. Sofern wir Daten von Ihnen erhalten, werden diese ausschlie\u00dflich f\u00fcr die von Ihnen gew\u00fcnschten Zwecke verwendet und nicht an Dritte weitergegeben.<\/p>\n<h2 data-fontsize=\"30\" data-lineheight=\"40\"><strong>Datenschutzerkl\u00e4rung<\/strong><\/h2>\n<h3 data-fontsize=\"24\" data-lineheight=\"48\"><strong>Datenschutz<\/strong><\/h3>\n<p>Die Betreiber dieser Seiten nehmen den Schutz Ihrer pers\u00f6nlichen Daten sehr ernst. Wir behandeln Ihre personenbezogenen Daten vertraulich und entsprechend der gesetzlichen Datenschutzvorschriften sowie dieser Datenschutzerkl\u00e4rung.<\/p>\n<p>Die Nutzung unserer Webseite ist in der Regel ohne Angabe personenbezogener Daten m\u00f6glich. Soweit auf unseren Seiten personenbezogene Daten (beispielsweise Name, Anschrift oder E-Mail-Adressen) erhoben werden, erfolgt dies, soweit m\u00f6glich, stets auf freiwilliger Basis. Diese Daten werden ohne Ihre ausdr\u00fcckliche Zustimmung nicht an Dritte weitergegeben.<\/p>\n<p>Wir weisen darauf hin, dass die Daten\u00fcbertragung im Internet (z.B. bei der Kommunikation per E-Mail) Sicherheitsl\u00fccken aufweisen kann. Ein l\u00fcckenloser Schutz der Daten vor dem Zugriff durch Dritte ist nicht m\u00f6glich.<\/p>\n<h3 data-fontsize=\"24\" data-lineheight=\"48\"><strong>Cookies<\/strong><\/h3>\n<p>Die Internetseiten verwenden teilweise so genannte Cookies. Cookies richten auf Ihrem Rechner keinen Schaden an und enthalten keine Viren. Cookies dienen dazu, unser Angebot nutzerfreundlicher, effektiver und sicherer zu machen. Cookies sind kleine Textdateien, die auf Ihrem Rechner abgelegt werden und die Ihr Browser speichert.<\/p>\n<p>Die meisten der von uns verwendeten Cookies sind so genannte \u201eSession-Cookies\u201c. Sie werden nach Ende Ihres Besuchs automatisch gel\u00f6scht. Andere Cookies bleiben auf Ihrem Endger\u00e4t gespeichert, bis Sie diese l\u00f6schen. Diese Cookies erm\u00f6glichen es uns, Ihren Browser beim n\u00e4chsten Besuch wiederzuerkennen.<\/p>\n<p>Sie k\u00f6nnen Ihren Browser so einstellen, dass Sie \u00fcber das Setzen von Cookies informiert werden und Cookies nur im Einzelfall erlauben, die Annahme von Cookies f\u00fcr bestimmte F\u00e4lle oder generell ausschlie\u00dfen sowie das automatische L\u00f6schen der Cookies beim Schlie\u00dfen des Browser aktivieren. Bei der Deaktivierung von Cookies kann die Funktionalit\u00e4t dieser Website eingeschr\u00e4nkt sein.<\/p>\n<h3 data-fontsize=\"24\" data-lineheight=\"48\"><strong>Server-Log-Files<\/strong><\/h3>\n<p>Der Provider der Seiten erhebt und speichert automatisch Informationen in so genannten Server-Log Files, die Ihr Browser automatisch an uns \u00fcbermittelt. Dies sind:<\/p>\n<ul>\n<li>Browsertyp\/ Browserversion<\/li>\n<li>verwendetes Betriebssystem<\/li>\n<li>Referrer URL<\/li>\n<li>Hostname des zugreifenden Rechners<\/li>\n<li>Uhrzeit der Serveranfrage<\/li>\n<\/ul>\n<p>Diese Daten sind nicht bestimmten Personen zuordenbar. Eine Zusammenf\u00fchrung dieser Daten mit anderen Datenquellen wird nicht vorgenommen. Wir behalten uns vor, diese Daten nachtr\u00e4glich zu pr\u00fcfen, wenn uns konkrete Anhaltspunkte f\u00fcr eine rechtswidrige Nutzung bekannt werden.<\/p>\n<h3 data-fontsize=\"24\" data-lineheight=\"48\"><strong>Sitzplatzreservierung<\/strong><\/h3>\n<p>Wenn Sie Sitzpl\u00e4tze reservieren, werden Ihre Angaben aus dem Bestellformular inklusive der von Ihnen dort angegebenen Kontaktdaten bis zu Ihrem Bestelltermin gespeichert, damit wir Sie im Falle von Verschiebungen oder Absagen, informieren k\u00f6nnen. Diese Daten geben wir nicht ohne Ihre Einwilligung weiter.<\/p>\n<h3 data-fontsize=\"24\" data-lineheight=\"48\"><strong>Datenschutzerkl\u00e4rung f\u00fcr die Nutzung von Google Analytics<\/strong><\/h3>\n<p>Diese Website nutzt Funktionen des\u00a0 Webanalysedienstes Google Analytics. Anbieter ist die Google Inc. 1600 Amphitheatre Parkway Mountain View, CA 94043, USA. Google Analytics verwendet sog. \u201eCookies\u201c. Das sind Textdateien, die auf Ihrem Computer gespeichert werden und die eine Analyse der Benutzung der Website durch Sie erm\u00f6glichen. Die durch den Cookie erzeugten Informationen \u00fcber Ihre Benutzung dieser Website werden in der Regel an einen Server von Google in den USA \u00fcbertragen und dort gespeichert.<\/p>\n<p>Im Falle der Aktivierung der IP-Anonymisierung auf dieser Webseite wird Ihre IP-Adresse von Google jedoch innerhalb von Mitgliedstaaten der Europ\u00e4ischen Union oder in anderen Vertragsstaaten des Abkommens \u00fcber den Europ\u00e4ischen Wirtschaftsraum zuvor gek\u00fcrzt. Nur in Ausnahmef\u00e4llen wird die volle IP-Adresse an einen Server von Google in den USA \u00fcbertragen und dort gek\u00fcrzt. Im Auftrag des Betreibers dieser Website wird Google diese Informationen benutzen, um Ihre Nutzung der Website auszuwerten, um Reports \u00fcber die Websiteaktivit\u00e4ten zusammenzustellen und um weitere mit der Websitenutzung und der Internetnutzung verbundene Dienstleistungen gegen\u00fcber dem Websitebetreiber zu erbringen. Die im Rahmen von Google Analytics von Ihrem Browser \u00fcbermittelte IP-Adresse wird nicht mit anderen Daten von Google zusammengef\u00fchrt.<\/p>\n<p>Sie k\u00f6nnen die Speicherung der Cookies durch eine entsprechende Einstellung Ihrer Browser-Software verhindern; wir weisen Sie jedoch darauf hin, dass Sie in diesem Fall gegebenenfalls nicht s\u00e4mtliche Funktionen dieser Website vollumf\u00e4nglich werden nutzen k\u00f6nnen. Sie k\u00f6nnen dar\u00fcber hinaus die Erfassung der durch das Cookie erzeugten und auf Ihre Nutzung der Website bezogenen Daten (inkl. Ihrer IP-Adresse) an Google sowie die Verarbeitung dieser Daten durch Google verhindern, indem sie das unter dem folgenden Link verf\u00fcgbare Browser-Plugin herunterladen und installieren:\u00a0<a href=\"http:\/\/tools.google.com\/dlpage\/gaoptout?hl=de\">http:\/\/tools.google.com\/dlpage\/gaoptout?hl=de<\/a><\/p>\n<h3 data-fontsize=\"24\" data-lineheight=\"48\"><strong>Datenschutzerkl\u00e4rung f\u00fcr die Nutzung von Facebook-Plugins (Page-Plugin)<\/strong><\/h3>\n<p>Auf unseren Seiten sind Plugins des sozialen Netzwerks Facebook, 1601 South California Avenue, Palo Alto, CA 94304, USA integriert. Die Facebook-Plugins erkennen Sie an dem Facebook-Logo oder dem \u201cLike-Button\u201d (\u201cGef\u00e4llt mir\u201d) auf unserer Seite. Eine \u00dcbersicht \u00fcber die Facebook-Plugins finden Sie hier: http:\/\/developers.facebook.com\/docs\/plugins\/. Wenn Sie unsere Seiten besuchen, wird \u00fcber das Plugin eine direkte Verbindung zwischen Ihrem Browser und dem Facebook-Server hergestellt. Facebook erh\u00e4lt dadurch die Information, dass Sie mit Ihrer IP-Adresse unsere Seite besucht haben. Wenn Sie den Facebook \u201cLike-Button\u201d anklicken w\u00e4hrend Sie in Ihrem Facebook-Account eingeloggt sind, k\u00f6nnen Sie die Inhalte unserer Seiten auf Ihrem Facebook-Profil verlinken. Dadurch kann Facebook den Besuch unserer Seiten Ihrem Benutzerkonto zuordnen. Wir weisen darauf hin, dass wir als Anbieter der Seiten keine Kenntnis vom Inhalt der \u00fcbermittelten Daten sowie deren Nutzung durch Facebook erhalten. Weitere Informationen hierzu finden Sie in der Datenschutzerkl\u00e4rung von facebook unter https:\/\/www.facebook.com\/about\/privacy\/ . Wenn Sie nicht w\u00fcnschen, dass Facebook den Besuch unserer Seiten Ihrem Facebook-Nutzerkonto zuordnen kann, loggen Sie sich bitte aus Ihrem Facebook-Benutzerkonto aus.<\/p>\n<\/div><div class=\"fusion-clearfix\"><\/div><\/div><\/div><\/div><\/div>\n","protected":false},"excerpt":{"rendered":"","protected":false},"author":1,"featured_media":0,"parent":0,"menu_order":0,"comment_status":"closed","ping_status":"closed","template":"100-width.php","meta":{"_monsterinsights_skip_tracking":false,"_monsterinsights_sitenote_active":false,"_monsterinsights_sitenote_note":"","_monsterinsights_sitenote_category":0,"footnotes":""},"class_list":["post-94","page","type-page","status-publish","hentry"],"yoast_head":"<!-- This site is optimized with the Yoast SEO plugin v24.5 - https:\/\/yoast.com\/wordpress\/plugins\/seo\/ -->\n<title>Datenschutz - Laientheater Weidling<\/title>\n<meta name=\"robots\" content=\"index, follow, max-snippet:-1, max-image-preview:large, max-video-preview:-1\" \/>\n<link rel=\"canonical\" href=\"https:\/\/laientheaterweidling.net\/index.php\/datenschutz\/\" \/>\n<meta property=\"og:locale\" content=\"de_DE\" \/>\n<meta property=\"og:type\" content=\"article\" \/>\n<meta property=\"og:title\" content=\"Datenschutz - Laientheater Weidling\" \/>\n<meta property=\"og:url\" content=\"https:\/\/laientheaterweidling.net\/index.php\/datenschutz\/\" \/>\n<meta property=\"og:site_name\" content=\"Laientheater Weidling\" \/>\n<meta property=\"article:modified_time\" content=\"2020-05-19T10:05:03+00:00\" \/>\n<meta name=\"twitter:card\" content=\"summary_large_image\" \/>\n<meta name=\"twitter:label1\" content=\"Gesch\u00e4tzte Lesezeit\" \/>\n\t<meta name=\"twitter:data1\" content=\"8 Minuten\" \/>\n<script type=\"application\/ld+json\" class=\"yoast-schema-graph\">{\"@context\":\"https:\/\/schema.org\",\"@graph\":[{\"@type\":\"WebPage\",\"@id\":\"https:\/\/laientheaterweidling.net\/index.php\/datenschutz\/\",\"url\":\"https:\/\/laientheaterweidling.net\/index.php\/datenschutz\/\",\"name\":\"Datenschutz - Laientheater Weidling\",\"isPartOf\":{\"@id\":\"https:\/\/laientheaterweidling.net\/#website\"},\"datePublished\":\"2019-12-18T12:07:19+00:00\",\"dateModified\":\"2020-05-19T10:05:03+00:00\",\"breadcrumb\":{\"@id\":\"https:\/\/laientheaterweidling.net\/index.php\/datenschutz\/#breadcrumb\"},\"inLanguage\":\"de-AT\",\"potentialAction\":[{\"@type\":\"ReadAction\",\"target\":[\"https:\/\/laientheaterweidling.net\/index.php\/datenschutz\/\"]}]},{\"@type\":\"BreadcrumbList\",\"@id\":\"https:\/\/laientheaterweidling.net\/index.php\/datenschutz\/#breadcrumb\",\"itemListElement\":[{\"@type\":\"ListItem\",\"position\":1,\"name\":\"Home\",\"item\":\"https:\/\/laientheaterweidling.net\/\"},{\"@type\":\"ListItem\",\"position\":2,\"name\":\"Datenschutz\"}]},{\"@type\":\"WebSite\",\"@id\":\"https:\/\/laientheaterweidling.net\/#website\",\"url\":\"https:\/\/laientheaterweidling.net\/\",\"name\":\"Laientheater Weidling\",\"description\":\"Die Theatergruppe, die Klosterneuburg bewegt\",\"potentialAction\":[{\"@type\":\"SearchAction\",\"target\":{\"@type\":\"EntryPoint\",\"urlTemplate\":\"https:\/\/laientheaterweidling.net\/?s={search_term_string}\"},\"query-input\":{\"@type\":\"PropertyValueSpecification\",\"valueRequired\":true,\"valueName\":\"search_term_string\"}}],\"inLanguage\":\"de-AT\"}]}<\/script>\n<!-- \/ Yoast SEO plugin. -->","yoast_head_json":{"title":"Datenschutz - Laientheater Weidling","robots":{"index":"index","follow":"follow","max-snippet":"max-snippet:-1","max-image-preview":"max-image-preview:large","max-video-preview":"max-video-preview:-1"},"canonical":"https:\/\/laientheaterweidling.net\/index.php\/datenschutz\/","og_locale":"de_DE","og_type":"article","og_title":"Datenschutz - Laientheater Weidling","og_url":"https:\/\/laientheaterweidling.net\/index.php\/datenschutz\/","og_site_name":"Laientheater Weidling","article_modified_time":"2020-05-19T10:05:03+00:00","twitter_card":"summary_large_image","twitter_misc":{"Gesch\u00e4tzte Lesezeit":"8 Minuten"},"schema":{"@context":"https:\/\/schema.org","@graph":[{"@type":"WebPage","@id":"https:\/\/laientheaterweidling.net\/index.php\/datenschutz\/","url":"https:\/\/laientheaterweidling.net\/index.php\/datenschutz\/","name":"Datenschutz - Laientheater Weidling","isPartOf":{"@id":"https:\/\/laientheaterweidling.net\/#website"},"datePublished":"2019-12-18T12:07:19+00:00","dateModified":"2020-05-19T10:05:03+00:00","breadcrumb":{"@id":"https:\/\/laientheaterweidling.net\/index.php\/datenschutz\/#breadcrumb"},"inLanguage":"de-AT","potentialAction":[{"@type":"ReadAction","target":["https:\/\/laientheaterweidling.net\/index.php\/datenschutz\/"]}]},{"@type":"BreadcrumbList","@id":"https:\/\/laientheaterweidling.net\/index.php\/datenschutz\/#breadcrumb","itemListElement":[{"@type":"ListItem","position":1,"name":"Home","item":"https:\/\/laientheaterweidling.net\/"},{"@type":"ListItem","position":2,"name":"Datenschutz"}]},{"@type":"WebSite","@id":"https:\/\/laientheaterweidling.net\/#website","url":"https:\/\/laientheaterweidling.net\/","name":"Laientheater Weidling","description":"Die Theatergruppe, die Klosterneuburg bewegt","potentialAction":[{"@type":"SearchAction","target":{"@type":"EntryPoint","urlTemplate":"https:\/\/laientheaterweidling.net\/?s={search_term_string}"},"query-input":{"@type":"PropertyValueSpecification","valueRequired":true,"valueName":"search_term_string"}}],"inLanguage":"de-AT"}]}},"_links":{"self":[{"href":"https:\/\/laientheaterweidling.net\/index.php\/wp-json\/wp\/v2\/pages\/94"}],"collection":[{"href":"https:\/\/laientheaterweidling.net\/index.php\/wp-json\/wp\/v2\/pages"}],"about":[{"href":"https:\/\/laientheaterweidling.net\/index.php\/wp-json\/wp\/v2\/types\/page"}],"author":[{"embeddable":true,"href":"https:\/\/laientheaterweidling.net\/index.php\/wp-json\/wp\/v2\/users\/1"}],"replies":[{"embeddable":true,"href":"https:\/\/laientheaterweidling.net\/index.php\/wp-json\/wp\/v2\/comments?post=94"}],"version-history":[{"count":4,"href":"https:\/\/laientheaterweidling.net\/index.php\/wp-json\/wp\/v2\/pages\/94\/revisions"}],"predecessor-version":[{"id":313,"href":"https:\/\/laientheaterweidling.net\/index.php\/wp-json\/wp\/v2\/pages\/94\/revisions\/313"}],"wp:attachment":[{"href":"https:\/\/laientheaterweidling.net\/index.php\/wp-json\/wp\/v2\/media?parent=94"}],"curies":[{"name":"wp","href":"https:\/\/api.w.org\/{rel}","templated":true}]}}